{"id":261,"date":"2025-10-17T16:11:20","date_gmt":"2025-10-17T16:11:20","guid":{"rendered":"http:\/\/nounou-rs.fr\/?page_id=261"},"modified":"2025-10-17T16:15:50","modified_gmt":"2025-10-17T16:15:50","slug":"mentions-legales","status":"publish","type":"page","link":"https:\/\/nounou-rs.fr\/index.php\/mentions-legales\/","title":{"rendered":"Mentions l\u00e9gales"},"content":{"rendered":"<p>[et_pb_section fb_built=\u00a0\u00bb1&Prime; _builder_version=\u00a0\u00bb4.27.2&Prime; _module_preset=\u00a0\u00bbdefault\u00a0\u00bb global_colors_info=\u00a0\u00bb{}\u00a0\u00bb theme_builder_area=\u00a0\u00bbpost_content\u00a0\u00bb][et_pb_row _builder_version=\u00a0\u00bb4.27.2&Prime; _module_preset=\u00a0\u00bbdefault\u00a0\u00bb global_colors_info=\u00a0\u00bb{}\u00a0\u00bb theme_builder_area=\u00a0\u00bbpost_content\u00a0\u00bb][et_pb_column type=\u00a0\u00bb4_4&Prime; _builder_version=\u00a0\u00bb4.27.2&Prime; _module_preset=\u00a0\u00bbdefault\u00a0\u00bb global_colors_info=\u00a0\u00bb{}\u00a0\u00bb theme_builder_area=\u00a0\u00bbpost_content\u00a0\u00bb][et_pb_text header_font=\u00a0\u00bb&#8211;et_global_heading_font|&#8211;et_global_heading_font_weight|||||||\u00a0\u00bb header_font_size=\u00a0\u00bb72px\u00a0\u00bb header_font_size_tablet=\u00a0\u00bb40px\u00a0\u00bb header_font_size_phone=\u00a0\u00bb24px\u00a0\u00bb header_font_size_last_edited=\u00a0\u00bbon|desktop\u00a0\u00bb header_line_height=\u00a0\u00bb1.15em\u00a0\u00bb header_text_color=\u00a0\u00bbgcid-heading-color\u00a0\u00bb global_colors_info=\u00a0\u00bb{%22gcid-primary-color%22:%91%22link_text_color%22%93,%22gcid-heading-color%22:%91%22header_text_color%22,%22header_4_text_color%22,%22header_3_text_color%22,%22header_2_text_color%22,%22header_5_text_color%22,%22header_6_text_color%22,%22quote_text_color%22%93,%22gcid-body-color%22:%91%22text_text_color%22%93,%22gcid-secondary-color%22:%91%22quote_border_color%22%93}\u00a0\u00bb link_text_color=\u00a0\u00bbgcid-primary-color\u00a0\u00bb custom_margin=\u00a0\u00bb||||false|false\u00a0\u00bb header_2_font=\u00a0\u00bb&#8211;et_global_heading_font|&#8211;et_global_heading_font_weight|||||||\u00a0\u00bb header_3_font=\u00a0\u00bb&#8211;et_global_heading_font|&#8211;et_global_heading_font_weight|||||||\u00a0\u00bb header_4_font=\u00a0\u00bb&#8211;et_global_heading_font|&#8211;et_global_heading_font_weight|||||||\u00a0\u00bb header_5_font=\u00a0\u00bb&#8211;et_global_heading_font|&#8211;et_global_heading_font_weight|||||||\u00a0\u00bb header_6_font=\u00a0\u00bb&#8211;et_global_heading_font|&#8211;et_global_heading_font_weight|||||||\u00a0\u00bb header_2_font_size=\u00a0\u00bb50px\u00a0\u00bb header_2_font_size_last_edited=\u00a0\u00bbon|phone\u00a0\u00bb header_2_font_size_tablet=\u00a0\u00bb28px\u00a0\u00bb header_2_font_size_phone=\u00a0\u00bb20px\u00a0\u00bb header_2_line_height=\u00a0\u00bb1.2em\u00a0\u00bb header_3_font_size=\u00a0\u00bb32px\u00a0\u00bb header_3_font_size_last_edited=\u00a0\u00bbon|phone\u00a0\u00bb header_3_font_size_tablet=\u00a0\u00bb22px\u00a0\u00bb header_3_font_size_phone=\u00a0\u00bb17px\u00a0\u00bb header_3_line_height=\u00a0\u00bb1.3em\u00a0\u00bb header_4_text_color=\u00a0\u00bbgcid-heading-color\u00a0\u00bb header_3_text_color=\u00a0\u00bbgcid-heading-color\u00a0\u00bb header_2_text_color=\u00a0\u00bbgcid-heading-color\u00a0\u00bb header_4_font_size=\u00a0\u00bb24px\u00a0\u00bb header_4_font_size_last_edited=\u00a0\u00bbon|tablet\u00a0\u00bb header_4_font_size_phone=\u00a0\u00bb15px\u00a0\u00bb header_4_font_size_tablet=\u00a0\u00bb18px\u00a0\u00bb header_4_line_height=\u00a0\u00bb1.4em\u00a0\u00bb header_5_text_color=\u00a0\u00bbgcid-heading-color\u00a0\u00bb header_5_font_size=\u00a0\u00bb18px\u00a0\u00bb header_5_font_size_last_edited=\u00a0\u00bbon|desktop\u00a0\u00bb header_5_font_size_tablet=\u00a0\u00bb15px\u00a0\u00bb header_5_font_size_phone=\u00a0\u00bb14px\u00a0\u00bb header_5_line_height=\u00a0\u00bb1.4em\u00a0\u00bb header_6_text_color=\u00a0\u00bbgcid-heading-color\u00a0\u00bb header_6_font_size_last_edited=\u00a0\u00bbon|desktop\u00a0\u00bb header_6_font_size_tablet=\u00a0\u00bb13px\u00a0\u00bb header_6_font_size_phone=\u00a0\u00bb13px\u00a0\u00bb header_6_line_height=\u00a0\u00bb1.5em\u00a0\u00bb text_font=\u00a0\u00bb&#8211;et_global_body_font|&#8211;et_global_body_font_weight|||||||\u00a0\u00bb text_text_color=\u00a0\u00bbgcid-body-color\u00a0\u00bb text_font_size=\u00a0\u00bb16px\u00a0\u00bb text_font_size_last_edited=\u00a0\u00bbon|phone\u00a0\u00bb text_font_size_tablet=\u00a0\u00bb15px\u00a0\u00bb text_font_size_phone=\u00a0\u00bb14px\u00a0\u00bb text_line_height=\u00a0\u00bb1.75em\u00a0\u00bb quote_border_color=\u00a0\u00bbgcid-secondary-color\u00a0\u00bb quote_font=\u00a0\u00bb&#8211;et_global_heading_font|&#8211;et_global_heading_font_weight|||||||\u00a0\u00bb quote_text_color=\u00a0\u00bbgcid-heading-color\u00a0\u00bb link_font=\u00a0\u00bb|&#8211;et_global_body_font_weight|||||||\u00a0\u00bb _builder_version=\u00a0\u00bb4.27.2&Prime; _module_preset=\u00a0\u00bb2c55a9c4-feed-423b-9edb-ae0b5b365cac\u00a0\u00bb theme_builder_area=\u00a0\u00bbpost_content\u00a0\u00bb]<\/p>\n<p>MENTIONS L\u00c9GALES<\/p>\n<p>1. PR\u00c9SENTATION DU SITE<br \/>En vertu de l\u2019article 6 de la loi n\u00b02004-575 du 21 juin 2004 pour la confiance dans l\u2019\u00e9conomie num\u00e9rique,<br \/>il est pr\u00e9cis\u00e9 aux utilisateurs du site https:\/\/www.nounouremyservices.fr\/ l\u2019identit\u00e9 des diff\u00e9rents<br \/>intervenants dans le cadre de sa r\u00e9alisation et de son suivi :<br \/>\u25cf Propri\u00e9taire : nounou remy service &#8211; 91421425900014, SARL au capital de 5 000,00\u20ac. Le<br \/>propri\u00e9taire du site internet est joignable \u00e0 cette adresse : contact@nounou-rs.fr<br \/>\u25cf Adresse : 1 CHEMIN DES MOLLIERES, 73100 TRESSERVE, France<br \/>\u25cf Cr\u00e9ateur du site : Remy Boespflug<br \/>\u25cf Responsable publication : Remy Boespluf &#8211; contact@nounou-rs.fr<br \/>\u25cf Webmaster : &#8211;<br \/>\u25cf H\u00e9bergeur : ovh, 2, rue Kellermann, 59100 Roubaix, France<br \/>\u25cf Cr\u00e9dits :<br \/>Ces mentions l\u00e9gales sont offertes par Le G\u00e9n\u00e9rateur de Mentions L\u00e9gales du Site Fran\u00e7ais<br \/>2. CONDITIONS G\u00c9N\u00c9RALES D\u2019UTILISATION<br \/>L\u2019utilisation du site https:\/\/www.nounouremyservices.fr\/ implique l\u2019acceptation pleine et enti\u00e8re des<br \/>pr\u00e9sentes conditions d\u2019utilisation, susceptibles d\u2019\u00eatre modifi\u00e9es ou compl\u00e9t\u00e9es \u00e0 tout moment. Les<br \/>utilisateurs sont donc invit\u00e9s \u00e0 les consulter r\u00e9guli\u00e8rement.<br \/>Le site est normalement accessible \u00e0 tout moment. Une interruption pour maintenance technique peut<br \/>toutefois \u00eatre d\u00e9cid\u00e9e par l\u2019\u00e9diteur.<br \/>3. DESCRIPTION DES SERVICES FOURNIS<br \/>Remy Boespluf, s\u2019efforce de fournir sur le site des informations aussi pr\u00e9cises que possible.<br \/>Toutefois, il ne pourra \u00eatre tenue responsable des omissions, des inexactitudes et des carences dans la<br \/>mise \u00e0 jour, qu\u2019elles soient de son fait ou du fait des tiers partenaires qui lui fournissent ces informations.<br \/>Tous les informations indiqu\u00e9es sur le site https:\/\/www.nounouremyservices.fr\/ sont donn\u00e9es \u00e0 titre<br \/>indicatif, et sont susceptibles d\u2019\u00e9voluer. Aussi, toutes les informations indiqu\u00e9es sur le site Site<br \/>https:\/\/www.nounouremyservices.fr\/ sont donn\u00e9es \u00e0 titre indicatif, et sont susceptibles de changer ou<br \/>d\u2019\u00e9voluer sans pr\u00e9avis.<br \/>Si vous constatez une lacune, erreur ou ce qui parait \u00eatre un dysfonctionnement, merci de bien vouloir le<br \/>signaler par email, \u00e0 l\u2019adresse contact@nounou-rs.fr, en d\u00e9crivant le probl\u00e8me de la mani\u00e8re la plus<br \/>pr\u00e9cise possible (vous vous trouver sur un t\u00e9l\u00e9phone, une tablette ou bien un ordinateur ; nom de la page<br \/>qui pose probl\u00e8me, type de syst\u00e8me d\u2019exploitation, navigateur utilis\u00e9,\u2026).<br \/>Remy Boespluf n\u2019est en aucun cas responsable de l\u2019utilisation faite de ces informations, et de tout<br \/>pr\u00e9judice direct ou indirect pouvant en d\u00e9couler.<br \/>4. PROPRI\u00c9T\u00c9 INTELLECTUELLE<br \/>Le propri\u00e9taire du site d\u00e9tient les droits de propri\u00e9t\u00e9 intellectuelle ou les droits d\u2019usage sur tous les<br \/>\u00e9l\u00e9ments accessibles sur le site : textes, images, graphismes, logo, ic\u00f4nes, sons, logiciels, etc.<br \/>Toute reproduction, repr\u00e9sentation, modification, publication, adaptation, totale ou partielle de ces<\/p>\n<p>Mentions l\u00e9gales du site internet https:\/\/www.nounouremyservices.fr\/<\/p>\n<p>Mod\u00e8le de mentions l\u00e9gales propos\u00e9 par la soci\u00e9t\u00e9 Le Site Fran\u00e7ais &#8211; SIRET 89406452600011<\/p>\n<p>\u00e9l\u00e9ments, quel que soit le moyen ou le proc\u00e9d\u00e9 utilis\u00e9, est interdite, sauf autorisation \u00e9crite pr\u00e9alable du<br \/>propri\u00e9taire.<br \/>Toute exploitation non autoris\u00e9e du site ou d\u2019un de ses \u00e9l\u00e9ments sera consid\u00e9r\u00e9e comme constitutive<br \/>d\u2019une contrefa\u00e7on et poursuivie conform\u00e9ment aux articles L.335-2 et suivants du Code de la propri\u00e9t\u00e9<br \/>intellectuelle.<br \/>Le non-respect de cette interdiction constitue une contrefa\u00e7on pouvant engager la responsabilit\u00e9 civile et<br \/>p\u00e9nale du contrefacteur. En outre, les propri\u00e9taires des Contenus copi\u00e9s pourraient intenter une action<br \/>en justice \u00e0 votre encontre.<br \/>5. LIMITATION DE RESPONSABILIT\u00c9<br \/>L\u2019utilisateur s\u2019engage \u00e0 acc\u00e9der au site avec un mat\u00e9riel r\u00e9cent, ne contenant pas de virus et avec un<br \/>navigateur \u00e0 jour.<br \/>Le propri\u00e9taire ne saurait \u00eatre tenu responsable des dommages directs ou indirects caus\u00e9s au mat\u00e9riel<br \/>de l\u2019utilisateur ou de pertes de donn\u00e9es \u00e0 la suite d\u2019une utilisation du site. Il ne pourra non plus \u00eatre tenu<br \/>responsable des dommages indirects li\u00e9s \u00e0 l\u2019utilisation du site.<br \/>Des espaces interactifs peuvent \u00eatre mis \u00e0 disposition des utilisateurs. Le propri\u00e9taire se r\u00e9serve le droit<br \/>de supprimer sans mise en demeure tout contenu contrevenant \u00e0 la l\u00e9gislation fran\u00e7aise, notamment en<br \/>mati\u00e8re de protection des donn\u00e9es ou de propos illicites.<br \/>6. GESTION DES DONN\u00c9ES PERSONNELLES<br \/>Le responsable du traitement des donn\u00e9es personnelles est : Remy Boespflug.<br \/>Les donn\u00e9es personnelles collect\u00e9es via le site https:\/\/www.nounouremyservices.fr\/ sont n\u00e9cessaires pour<br \/>:<br \/>\u25cf r\u00e9pondre aux demandes des utilisateurs (formulaires de contact, inscriptions, devis, etc.) ;<br \/>\u25cf r\u00e9aliser des mesures de fr\u00e9quentation (cookies analytiques) ;<br \/>\u25cf assurer le bon fonctionnement du site.<br \/>Base l\u00e9gale du traitement :<br \/>Les traitements sont fond\u00e9s sur :<br \/>\u25cf le consentement explicite de l\u2019utilisateur (formulaires, cookies non essentiels) ;<br \/>\u25cf l\u2019ex\u00e9cution d\u2019un contrat ou de mesures pr\u00e9contractuelles (ex. : demande de devis) ;<br \/>\u25cf ou l\u2019int\u00e9r\u00eat l\u00e9gitime du responsable de traitement (ex. : s\u00e9curit\u00e9 du site, statistiques<br \/>anonymis\u00e9es).<br \/>Dur\u00e9e de conservation :<br \/>\u25cf 3 ans pour les donn\u00e9es de contact (prospects),<br \/>\u25cf 5 ans pour les clients,<br \/>\u25cf ou toute autre dur\u00e9e impos\u00e9e par la loi.<br \/>Droits des utilisateurs :<br \/>Conform\u00e9ment au R\u00e8glement G\u00e9n\u00e9ral sur la Protection des Donn\u00e9es (RGPD) et \u00e0 la loi Informatique et<br \/>Libert\u00e9s, vous disposez des droits suivants : Droit d\u2019acc\u00e8s \u00e0 vos donn\u00e9es ; Droit de rectification ; Droit \u00e0<br \/>l\u2019effacement (\u00ab droit \u00e0 l\u2019oubli \u00bb) ; Droit d\u2019opposition ; Droit \u00e0 la portabilit\u00e9 ; Droit \u00e0 la limitation du<br \/>traitement.<br \/>Pour exercer vos droits, vous pouvez adresser une demande \u00e9crite \u00e0 l\u2019adresse suivante :<br \/>contact@nounou-rs.fr, accompagn\u00e9e d\u2019un justificatif d\u2019identit\u00e9 valide.<br \/>Confidentialit\u00e9 : Les donn\u00e9es personnelles ne sont en aucun cas c\u00e9d\u00e9es, lou\u00e9es ou vendues \u00e0 des<br \/>tiers, sauf en cas d\u2019obligation l\u00e9gale ou judiciaire.<\/p>\n<p>Mentions l\u00e9gales du site internet https:\/\/www.nounouremyservices.fr\/<\/p>\n<p>Mod\u00e8le de mentions l\u00e9gales propos\u00e9 par la soci\u00e9t\u00e9 Le Site Fran\u00e7ais &#8211; SIRET 89406452600011<\/p>\n<p>Lieu de stockage : Les donn\u00e9es sont h\u00e9berg\u00e9es dans l\u2019Union europ\u00e9enne, sur des serveurs s\u00e9curis\u00e9s<br \/>exploit\u00e9s par ovh.<br \/>7. POLITIQUE DE COOKIES<br \/>La navigation sur le site https:\/\/www.nounouremyservices.fr\/ est susceptible de provoquer l\u2019installation de<br \/>cookie(s) sur l\u2019ordinateur de l\u2019utilisateur.<br \/>Un cookie est un petit fichier texte enregistr\u00e9 sur le disque dur de votre terminal (ordinateur, tablette,<br \/>mobile) lors de votre visite sur un site internet. Il permet de conserver des donn\u00e9es utilisateur afin de<br \/>faciliter la navigation, permettre certaines fonctionnalit\u00e9s ou analyser le comportement des internautes.<br \/>Cookies soumis au consentement : Les cookies non essentiels (ex. : mesure d\u2019audience, partage<br \/>r\u00e9seaux sociaux) sont d\u00e9pos\u00e9s uniquement apr\u00e8s votre accord explicite.<br \/>Le refus d\u2019installation d\u2019un cookie peut entra\u00eener l\u2019impossibilit\u00e9 d\u2019acc\u00e9der \u00e0 certains services. L\u2019utilisateur<br \/>peut toutefois configurer son ordinateur de la mani\u00e8re suivante, pour refuser l\u2019installation des cookies :<br \/>\u25cf Sous Internet Explorer : onglet outil (pictogramme en forme de rouage en haut a droite) \/<br \/>options internet. Cliquez sur Confidentialit\u00e9 et choisissez Bloquer tous les cookies. Validez sur<br \/>Ok.<br \/>\u25cf Sous Firefox : en haut de la fen\u00eatre du navigateur, cliquez sur le bouton Firefox, puis aller dans<br \/>l\u2019onglet Options. Cliquer sur l\u2019onglet Vie priv\u00e9e.<br \/>\u25cf Param\u00e9trez les R\u00e8gles de conservation sur : utiliser les param\u00e8tres personnalis\u00e9s pour<br \/>l\u2019historique. Enfin d\u00e9cochez-la pour d\u00e9sactiver les cookies.<br \/>\u25cf Sous Safari : Cliquez en haut \u00e0 droite du navigateur sur le pictogramme de menu (symbolis\u00e9 par<br \/>un rouage). S\u00e9lectionnez Param\u00e8tres. Cliquez sur Afficher les param\u00e8tres avanc\u00e9s. Dans la<br \/>section \u201cConfidentialit\u00e9\u201d, cliquez sur Param\u00e8tres de contenu. Dans la section \u201cCookies\u201d, vous<br \/>pouvez bloquer les cookies.<br \/>\u25cf Sous Chrome : Cliquez en haut \u00e0 droite du navigateur sur le pictogramme de menu (symbolis\u00e9<br \/>par trois lignes horizontales). S\u00e9lectionnez Param\u00e8tres. Cliquez sur Afficher les param\u00e8tres<br \/>avanc\u00e9s. Dans la section \u201cConfidentialit\u00e9\u201d, cliquez sur pr\u00e9f\u00e9rences. Dans l\u2019onglet \u201cConfidentialit\u00e9\u201d,<br \/>vous pouvez bloquer les cookies.<br \/>8. LIENS HYPERTEXTES<br \/>Le site https:\/\/www.nounouremyservices.fr\/ peut contenir un certain nombre de liens hypertextes vers<br \/>d\u2019autres sites, mis en place avec l\u2019autorisation de Remy Boespluf.<br \/>Cependant, Remy Boespluf n\u2019a pas la possibilit\u00e9 de v\u00e9rifier le contenu des sites ainsi visit\u00e9s, et<br \/>n\u2019assumera en cons\u00e9quence aucune responsabilit\u00e9 de ce fait.<br \/>Les liens hypertextes mis en place dans le cadre du pr\u00e9sent site internet en direction d&amp;#39;autres ressources<br \/>pr\u00e9sentes sur le r\u00e9seau Internet ne sauraient engager la responsabilit\u00e9 de Remy Boespluf.<br \/>Tout contenu t\u00e9l\u00e9charg\u00e9 se fait aux risques et p\u00e9rils de l&amp;#39;utilisateur et sous sa seule responsabilit\u00e9. En<br \/>cons\u00e9quence, Remy Boespluf ne saurait \u00eatre tenu responsable d&amp;#39;un quelconque dommage subi par<br \/>l&amp;#39;ordinateur de l&amp;#39;utilisateur ou d&amp;#39;une quelconque perte de donn\u00e9es cons\u00e9cutives au t\u00e9l\u00e9chargement.<br \/>9. DROIT APPLICABLE \u2013 ATTRIBUTION DE JURIDICTION<br \/>Les pr\u00e9sentes conditions du site https:\/\/www.nounouremyservices.fr\/ sont r\u00e9gies par les lois fran\u00e7aises et<br \/>toute contestation ou litiges qui pourraient na\u00eetre de l&amp;#39;interpr\u00e9tation ou de l&amp;#39;ex\u00e9cution de celles-ci seront de<br \/>la comp\u00e9tence exclusive des tribunaux dont d\u00e9pend le si\u00e8ge social de la soci\u00e9t\u00e9 nounou remy service. La<br \/>langue de r\u00e9f\u00e9rence, pour le r\u00e8glement de contentieux \u00e9ventuels, est le fran\u00e7ais.<\/p>\n<p>Mentions l\u00e9gales du site internet https:\/\/www.nounouremyservices.fr\/<\/p>\n<p>Mod\u00e8le de mentions l\u00e9gales propos\u00e9 par la soci\u00e9t\u00e9 Le Site Fran\u00e7ais &#8211; SIRET 89406452600011<\/p>\n<p>10. LES TEXTES DE R\u00c9F\u00c9RENCE<br \/>Loi n\u00b078-17 du 6 janvier 1978 modifi\u00e9e (Informatique et Libert\u00e9s)<br \/>R\u00e8glement (UE) 2016\/679 du Parlement europ\u00e9en (RGPD)<br \/>Loi n\u00b02004-575 du 21 juin 2004 (LCEN)<br \/>11. LEXIQUE<br \/>Propri\u00e9taire du site : Entit\u00e9 responsable du contenu et de l\u2019activit\u00e9 du site.<br \/>Responsable de la publication : Personne g\u00e9rant le contenu \u00e9ditorial.<br \/>Webmaster : Technicien ou soci\u00e9t\u00e9 en charge de la maintenance technique.<br \/>H\u00e9bergeur : Fournisseur du serveur sur lequel le site est stock\u00e9.<br \/>Utilisateur : Internaute naviguant sur le site.<br \/>Donn\u00e9e personnelle : Toute information permettant d\u2019identifier une personne.<br \/>Traitement de donn\u00e9es : Toute action (collecte, stockage, suppression) sur des donn\u00e9es personnelles.<br \/>Cookie : Fichier qui stocke des donn\u00e9es sur la navigation.<br \/>DPO : D\u00e9l\u00e9gu\u00e9 \u00e0 la protection des donn\u00e9es, garant de la conformit\u00e9 RGPD.<br \/>Cr\u00e9dit : Mention d\u2019un auteur ou fournisseur de contenu utilis\u00e9 sur le site.<\/p>\n<p>[\/et_pb_text][\/et_pb_column][\/et_pb_row][\/et_pb_section]<\/p>\n","protected":false},"excerpt":{"rendered":"<p>MENTIONS L\u00c9GALES 1. PR\u00c9SENTATION DU SITEEn vertu de l\u2019article 6 de la loi n\u00b02004-575 du 21 juin 2004 pour la confiance dans l\u2019\u00e9conomie num\u00e9rique,il est pr\u00e9cis\u00e9 aux utilisateurs du site https:\/\/www.nounouremyservices.fr\/ l\u2019identit\u00e9 des diff\u00e9rentsintervenants dans le cadre de sa r\u00e9alisation et de son suivi :\u25cf Propri\u00e9taire : nounou remy service &#8211; 91421425900014, SARL au capital [&hellip;]<\/p>\n","protected":false},"author":1,"featured_media":0,"parent":0,"menu_order":0,"comment_status":"closed","ping_status":"closed","template":"","meta":{"_et_pb_use_builder":"on","_et_pb_old_content":"<!-- wp:divi\/placeholder \/-->","_et_gb_content_width":"","footnotes":""},"class_list":["post-261","page","type-page","status-publish","hentry"],"_links":{"self":[{"href":"https:\/\/nounou-rs.fr\/index.php\/wp-json\/wp\/v2\/pages\/261","targetHints":{"allow":["GET"]}}],"collection":[{"href":"https:\/\/nounou-rs.fr\/index.php\/wp-json\/wp\/v2\/pages"}],"about":[{"href":"https:\/\/nounou-rs.fr\/index.php\/wp-json\/wp\/v2\/types\/page"}],"author":[{"embeddable":true,"href":"https:\/\/nounou-rs.fr\/index.php\/wp-json\/wp\/v2\/users\/1"}],"replies":[{"embeddable":true,"href":"https:\/\/nounou-rs.fr\/index.php\/wp-json\/wp\/v2\/comments?post=261"}],"version-history":[{"count":3,"href":"https:\/\/nounou-rs.fr\/index.php\/wp-json\/wp\/v2\/pages\/261\/revisions"}],"predecessor-version":[{"id":271,"href":"https:\/\/nounou-rs.fr\/index.php\/wp-json\/wp\/v2\/pages\/261\/revisions\/271"}],"wp:attachment":[{"href":"https:\/\/nounou-rs.fr\/index.php\/wp-json\/wp\/v2\/media?parent=261"}],"curies":[{"name":"wp","href":"https:\/\/api.w.org\/{rel}","templated":true}]}}